{"id":145,"date":"2023-11-02T07:58:40","date_gmt":"2023-11-02T07:58:40","guid":{"rendered":"https:\/\/vanarc.ee\/tehtud-tood\/"},"modified":"2025-09-29T12:20:58","modified_gmt":"2025-09-29T12:20:58","slug":"portfolio","status":"publish","type":"page","link":"https:\/\/vanarc.ee\/en\/portfolio\/","title":{"rendered":"Portfolio"},"content":{"rendered":"\n<div class=\"wp-block-columns is-layout-flex wp-container-core-columns-is-layout-28f84493 wp-block-columns-is-layout-flex\">\n<div class=\"wp-block-column is-layout-constrained wp-container-core-column-is-layout-b4f36c6b wp-block-column-is-layout-constrained\">\n<h1 class=\"wp-block-heading\">Portfolio<\/h1>\n\n\n\n<p class=\"has-medium-font-size\">O\u00dc Vanarc has had the pleasure to deliver 100+ reports to over 40 clients. Check out a sample report about a hypothetical site in Tallinn from the link below:<\/p>\n\n\n\n<div class=\"wp-block-file\" style=\"margin-top:0;margin-bottom:0;padding-top:0;padding-right:0;padding-bottom:0;padding-left:0\"><a id=\"wp-block-file--media-5b389235-2bae-46c8-8e72-688dc5d25c0a\" href=\"https:\/\/vanarc.ee\/wp-content\/uploads\/2024\/02\/2401xxxx_Tanav_nr5-analuus-EST.pdf\" target=\"_blank\" rel=\"noreferrer noopener\">2401xxxx_Tanav_nr5-analuus-EST<\/a><a href=\"https:\/\/vanarc.ee\/wp-content\/uploads\/2024\/02\/2401xxxx_Tanav_nr5-analuus-EST.pdf\" class=\"wp-block-file__button wp-element-button\" download aria-describedby=\"wp-block-file--media-5b389235-2bae-46c8-8e72-688dc5d25c0a\">Download<\/a><\/div>\n\n\n\n<p><\/p>\n\n\n\n<p class=\"has-medium-font-size\">A selection of our work:<\/p>\n\n\n\n<figure class=\"wp-block-table is-style-stripes\"><table><thead><tr><th>Name of the object and description of the work performed<\/th><th>Client                    <\/th><th> Year    .  <\/th><th>Location<\/th><\/tr><\/thead><tbody><tr><td>Reinu-J\u00fcri plot detailed plan<\/td><td>private<\/td><td>2025<\/td><td>L\u00e4\u00e4ne-Harju parish<\/td><\/tr><tr><td>Saage 23 and 25 plot detailed plan initialization<\/td><td>private<\/td><td>2025<\/td><td>J\u00f5el\u00e4htme parish<\/td><\/tr><tr><td>Herne tn 13 expert assessment<\/td><td>SPC Kinnisvara<\/td><td>2025<\/td><td>Tallinn<\/td><\/tr><tr><td>Vindi tn 3 plot detailed plan initialization<\/td><td>private<\/td><td>2025<\/td><td>Harku parish<\/td><\/tr><tr><td><\/td><td><\/td><td><\/td><td><\/td><\/tr><tr><td>Paldiski school architectural competition, cooperation with AB Panda, 2. place<\/td><td>Competition entry<\/td><td>2024<\/td><td>L\u00e4\u00e4ne-Harju parish<\/td><\/tr><tr><td>Maakri quarter spatial planning competition, cooperation with AB Panda, 2. place<\/td><td>Competition entry<\/td><td>2024<\/td><td>Tallinn<\/td><\/tr><tr><td>Pallasti 6 apartment building permit project management<\/td><td>AB Panda<\/td><td>2024<\/td><td>Tallinn<\/td><\/tr><tr><td>Luha 6 commercial building permit project management<\/td><td>AB Panda<\/td><td>2024<\/td><td>Rae parish<\/td><\/tr><tr><td>Study of future development zones of J\u00f5el\u00e4htme parish<\/td><td>Elteks Kinnisvara<\/td><td>2024<\/td><td>J\u00f5el\u00e4htme parish<\/td><\/tr><tr><td>Study of future development zones of Maardu city<\/td><td>Elteks Kinnisvara<\/td><td>2024<\/td><td>Maardu<\/td><\/tr><tr><td>Design conditions application for Rail Baltica P\u00e4rnu dryport and maintenane facility drainage ditch<\/td><td>O\u00dc Rail Baltic Estonia<\/td><td>2024<\/td><td>P\u00e4rnu<\/td><\/tr><tr><td>Raba tn 43 building rights assessment<\/td><td>Mekatrade Group<\/td><td>2024<\/td><td>Keila<\/td><\/tr><tr><td>Piilkonnamaja plot detailed plan initialization<\/td><td>J\u00fcnique O\u00dc<\/td><td>2024<\/td><td>Viimsi parish<\/td><\/tr><tr><td>Luha 6 apartment building permit project management<\/td><td>AB Panda<\/td><td>2024<\/td><td>Tallinn<\/td><\/tr><tr><td>Lumesauna plot division options assessment<\/td><td>Elteks Kinnisvara<\/td><td>2024<\/td><td>J\u00f5el\u00e4htme parish<\/td><\/tr><tr><td>Talviku tn 5 building rights assessment<\/td><td>Mekatrade Group<\/td><td>2024<\/td><td>Tallinn<\/td><\/tr><tr><td><\/td><td><\/td><td><\/td><td><\/td><\/tr><tr><td>Reinu-J\u00fcri plot detailed plan initialization<\/td><td>private<\/td><td>2023<\/td><td>L\u00e4\u00e4ne-Harju parish<\/td><\/tr><tr><td>Rail Baltica Soodevahe dryport and maintenane facility building permit application<\/td><td>Skepast &amp; Puhkim<br>Rail Baltic Estonia<br>Obermeyer <\/td><td>2023<\/td><td>Rae parish<\/td><\/tr><tr><td>Majaka p\u00f5ik 17 building rights assessment<\/td><td>Bermuda Design<\/td><td>2023<\/td><td>Tallinn<\/td><\/tr><tr><td>Analysis of wind corridors for port of Meeruse detailed plan EIA<\/td><td>Skepast &amp; Puhkim<\/td><td>2023<\/td><td>Tallinn<\/td><\/tr><tr><td>Kaljum\u00e4e plot building rights assessment<\/td><td>Artif<\/td><td>2023<\/td><td>Rapla parish<\/td><\/tr><tr><td>Architectural conditions for Sillam\u00e4e comprehensive plan<\/td><td>Skepast &amp; Puhkim<\/td><td>2023<\/td><td>Sillam\u00e4e<\/td><\/tr><tr><td>Laagri Centre development owner representation<\/td><td>Combicon<\/td><td>2023<\/td><td>Saue parish<\/td><\/tr><tr><td>Pallasti 28 building rights assessment<\/td><td>Capital Mill<\/td><td>2023<\/td><td>Tallinn<\/td><\/tr><tr><td>T\u00f6\u00f6stuse 36 building rights assessment<\/td><td>SPC Kinnisvara<\/td><td>2023<\/td><td>Tallinn<\/td><\/tr><tr><td>Vainu tee development owner representation<\/td><td>North Courier<\/td><td>2023<\/td><td>Viimsi parish<\/td><\/tr><tr><td>Saeveski 10 ja 10a building rights assessment<\/td><td>Capital Mill<\/td><td>2023<\/td><td>Tallinn<\/td><\/tr><tr><td>Pilvetee 4 and 6 building rights assessment<\/td><td>Capital Mill<\/td><td>2023<\/td><td>Tallinn<\/td><\/tr><tr><td>Reinu-J\u00fcri plot building rights assessment<\/td><td>private<\/td><td>2023<\/td><td>L\u00e4\u00e4ne-Harju parish<\/td><\/tr><tr><td>Otitooma 20 building rights assessment<\/td><td>Trictrac<\/td><td>2023<\/td><td>Harku parish<\/td><\/tr><tr><td>Viljandi mnt 16 detailed plan initialization<\/td><td>Euro-Asia Logistics<\/td><td>2023<\/td><td>Tallinn<\/td><\/tr><tr><td>Liivaranna development owner representation<\/td><td>private<\/td><td>2023<\/td><td>Alutaguse parish<\/td><\/tr><tr><td>Vesiv\u00e4rava 12 building rights assessment<\/td><td>SPC Kinnisvara<\/td><td>2023<\/td><td>Tallinn<\/td><\/tr><tr><td>P\u00f5llu tn 1a building rights assessment<\/td><td>Euro-Asia Logistics<\/td><td>2023<\/td><td>Tartu<\/td><\/tr><tr><td>Pauluse and Bruno development area building rights assessment<\/td><td>Simetra Construction<\/td><td>2023<\/td><td>Kuusalu parish<\/td><\/tr><tr><td>Uha plot building rights assessment<\/td><td>private<\/td><td>2023<\/td><td>Kanepi parish<\/td><\/tr><tr><td>Vanatamme development comprehensive plan recommendations and detailed plan initialization<\/td><td>private<\/td><td>2023<\/td><td>Narva-J\u00f5esuu<\/td><\/tr><tr><td>Vikerlase 3 building rights assessment<\/td><td>Yahalom A<\/td><td>2023<\/td><td>Tallinn<\/td><\/tr><tr><td>J\u00f5el\u00e4htme 5 detailed plan initialization<\/td><td>Elteks Kinnisvara<\/td><td>2023<\/td><td>J\u00f5el\u00e4htme parish<\/td><\/tr><tr><td>Kivisilla development area building rights assessment<\/td><td>Simetra Construction<\/td><td>2022<\/td><td>Raasiku parish<\/td><\/tr><tr><td>Pallasti 6 building rights assessment<\/td><td>SPC Kinnisvara<\/td><td>2023<\/td><td>Tallinn<\/td><\/tr><tr><td>Aaviku plot building rights assessment<\/td><td>Referte Group<\/td><td>2023<\/td><td>Harku parish<\/td><\/tr><tr><td>Koiduneeme plot building rights assessment<\/td><td>Viru 1<\/td><td>2023<\/td><td>Narva-J\u00f5esuu<\/td><\/tr><tr><td>Piilkonnamaja plot access road report<\/td><td>J\u00fcnique<\/td><td>2023<\/td><td>Viimsi parish<\/td><\/tr><tr><td>Herne 13 building rights assessment<\/td><td>SPC Kinnisvara<\/td><td>2023<\/td><td>Tallinn<\/td><\/tr><tr><td>Altmetsa 28 detailed plan initialization<\/td><td>ITEST Invest<\/td><td>2023<\/td><td>Maardu<\/td><\/tr><tr><td><\/td><td><\/td><td><\/td><td><\/td><\/tr><tr><td>K\u00e4rberi 53 utilities technical conditions application<\/td><td>Dargot<\/td><td>2022<\/td><td>Tallinn<\/td><\/tr><tr><td>J\u00f5ek\u00e4\u00e4ru development area building rights assessment<\/td><td>Alana Capital<\/td><td>2022<\/td><td>Rae parish<\/td><\/tr><tr><td>Tehase 28b detailed plan initialization<\/td><td>Alana Capital<\/td><td>2022<\/td><td>Raasiku parish<\/td><\/tr><tr><td>Sarapuu 7 building rights assessment<\/td><td>Alana Capital<\/td><td>2022<\/td><td>Harku parish<\/td><\/tr><tr><td>Hiireherne 19 building rights assessment<\/td><td>SPC Kinnisvara<\/td><td>2022<\/td><td>J\u00f5el\u00e4htme parish<\/td><\/tr><tr><td>Adamsoni 17 building rights assessment<\/td><td>SPC Kinnisvara<\/td><td>2022<\/td><td>Tallinn<\/td><\/tr><tr><td>Paev\u00e4lja 3 building reconstruction report<\/td><td>Temalon<\/td><td>2022<\/td><td>Tallinn<\/td><\/tr><tr><td>Marju tn 4 building rights assessment<\/td><td>SPC Kinnisvara<\/td><td>2022<\/td><td>Saue parish<\/td><\/tr><tr><td>Karjamiku plot detailed plan initialization<\/td><td>private<\/td><td>2022<\/td><td>Harku parish<\/td><\/tr><tr><td><\/td><td><\/td><td><\/td><td><\/td><\/tr><tr><td>Kloostrimetsa 58b building rights assessment<\/td><td>SPC Kinnisvara<\/td><td>2021<\/td><td>Tallinn<\/td><\/tr><tr><td>Aia 50 building rights assessment<\/td><td>Demomark<\/td><td>2021<\/td><td>Narva-J\u00f5esuu<\/td><\/tr><tr><td>Vainu tee development area building rights assessment<\/td><td>Team Media<\/td><td>2021<\/td><td>Viimsi parish<\/td><\/tr><tr><td>Luha 6 \/\/ V\u00e4ike-Ameerika tn 10 building rights assessment and technical conditions application<\/td><td>SPC Kinnisvara<\/td><td>2021<\/td><td>Tallinn<\/td><\/tr><tr><td>Kajaka 12d building reconstruction report<\/td><td>Ideal Home Art<\/td><td>2021<\/td><td>Tallinn<\/td><\/tr><tr><td>Kopli 26 building rights assessment<\/td><td>Simetra Ehitust\u00f6\u00f6d<\/td><td>2021<\/td><td>Tallinn<\/td><\/tr><tr><td>Re-drafting of Antenniv\u00e4lja development plot borders and&nbsp; design conditions application<\/td><td>Unico Eesti<\/td><td>2021<\/td><td>Rae parish<\/td><\/tr><tr><td>Kasekivi plot design conditions application<\/td><td>private<\/td><td>2021<\/td><td>Muhu parish<\/td><\/tr><tr><td>Kuuse plot building rights assessment<\/td><td>LEPA Arendus<\/td><td>2021<\/td><td>Rae parish<\/td><\/tr><tr><td>Tartu mnt 102 building rights assessment<\/td><td>Trictrac<\/td><td>2021<\/td><td>Tallinn<\/td><\/tr><tr><td>Metsise 11 building rights assessment<\/td><td>Unico Eesti<\/td><td>2021<\/td><td>Rae parish<\/td><\/tr><tr><td>Kopliranna 11 building rights assessment<\/td><td>Simetra Ehitust\u00f6\u00f6d<\/td><td>2021<\/td><td>Tallinn<\/td><\/tr><tr><td>Kose tee 64 building rights assessment<\/td><td>Alana Capital<\/td><td>2021<\/td><td>Tallinn<\/td><\/tr><tr><td>V\u00f5llikam\u00e4e plot detailed plan initialization<\/td><td>private<\/td><td>2021<\/td><td>Kiili parish<\/td><\/tr><tr><td>Tuukri 52 building reconstruction report<\/td><td>Finamp<\/td><td>2021<\/td><td>Tallinn<\/td><\/tr><tr><td>Jahu 3a building rights assessment<\/td><td>Alana Capital<\/td><td>2021<\/td><td>Tallinn<\/td><\/tr><tr><td>Koplimetsa plot building rights assessment<\/td><td>Alana Capital<\/td><td>2021<\/td><td>J\u00f5el\u00e4htme parish<\/td><\/tr><tr><td>R\u00e4\u00e4gu 16 building rights assessment<\/td><td>Alana Capital<\/td><td>2021<\/td><td>Tallinn<\/td><\/tr><tr><td>M\u00e4eotsa development area building rights assessment<\/td><td>Master Construction<\/td><td>2021<\/td><td>Rae parish<\/td><\/tr><tr><td>Narva mnt 111 building rights assessment<\/td><td>Tab Development<\/td><td>2021<\/td><td>Tallinn<\/td><\/tr><tr><td>Pirita tee 10 largest possible development assessment<\/td><td>Eesti Mereagentuur<\/td><td>2021<\/td><td>Tallinn<\/td><\/tr><tr><td>Rannam\u00f5isa tee 12 building rights assessment<\/td><td>Fenmarc Grupp<\/td><td>2021<\/td><td>Rae parish<\/td><\/tr><\/tbody><\/table><\/figure>\n<\/div>\n<\/div>\n","protected":false},"excerpt":{"rendered":"<p>Portfolio O\u00dc Vanarc has had the pleasure to deliver 100+ reports to over 40 clients. Check out a sample report about a hypothetical site in Tallinn from the link below: A selection of our work: Name of the object and description of the work performed Client Year . Location Reinu-J\u00fcri plot detailed plan private 2025 [&hellip;]<\/p>\n","protected":false},"author":1,"featured_media":289,"parent":0,"menu_order":0,"comment_status":"closed","ping_status":"closed","template":"","meta":{"footnotes":""},"class_list":["post-145","page","type-page","status-publish","has-post-thumbnail","hentry"],"blocksy_meta":[],"_links":{"self":[{"href":"https:\/\/vanarc.ee\/en\/wp-json\/wp\/v2\/pages\/145","targetHints":{"allow":["GET"]}}],"collection":[{"href":"https:\/\/vanarc.ee\/en\/wp-json\/wp\/v2\/pages"}],"about":[{"href":"https:\/\/vanarc.ee\/en\/wp-json\/wp\/v2\/types\/page"}],"author":[{"embeddable":true,"href":"https:\/\/vanarc.ee\/en\/wp-json\/wp\/v2\/users\/1"}],"replies":[{"embeddable":true,"href":"https:\/\/vanarc.ee\/en\/wp-json\/wp\/v2\/comments?post=145"}],"version-history":[{"count":18,"href":"https:\/\/vanarc.ee\/en\/wp-json\/wp\/v2\/pages\/145\/revisions"}],"predecessor-version":[{"id":442,"href":"https:\/\/vanarc.ee\/en\/wp-json\/wp\/v2\/pages\/145\/revisions\/442"}],"wp:featuredmedia":[{"embeddable":true,"href":"https:\/\/vanarc.ee\/en\/wp-json\/wp\/v2\/media\/289"}],"wp:attachment":[{"href":"https:\/\/vanarc.ee\/en\/wp-json\/wp\/v2\/media?parent=145"}],"curies":[{"name":"wp","href":"https:\/\/api.w.org\/{rel}","templated":true}]}}